{"id":30,"date":"2026-01-15T14:25:04","date_gmt":"2026-01-15T14:25:04","guid":{"rendered":"https:\/\/batidorfisterra.es\/?page_id=30"},"modified":"2026-01-15T14:32:17","modified_gmt":"2026-01-15T14:32:17","slug":"fejlesztes-alatt","status":"publish","type":"page","link":"https:\/\/batidorfisterra.es\/","title":{"rendered":"fejleszt\u00e9s alatt"},"content":{"rendered":"<p>[et_pb_section fb_built=&#8221;1&#8243; admin_label=&#8221;Header&#8221; _builder_version=&#8221;4.23.4&#8243; _module_preset=&#8221;default&#8221; custom_margin=&#8221;50px||100px||false|false&#8221; custom_padding=&#8221;||0px||false|false&#8221; collapsed=&#8221;on&#8221; global_colors_info=&#8221;{}&#8221;][et_pb_row _builder_version=&#8221;4.24.2&#8243; _module_preset=&#8221;default&#8221; max_width=&#8221;800px&#8221; global_colors_info=&#8221;{}&#8221;][et_pb_column type=&#8221;4_4&#8243; _builder_version=&#8221;4.24.2&#8243; _module_preset=&#8221;default&#8221; global_colors_info=&#8221;{}&#8221;][et_pb_text _builder_version=&#8221;4.23.4&#8243; _module_preset=&#8221;a41abf0a-1387-44ad-89c8-8170c7bb2c38&#8243; header_4_text_color=&#8221;gcid-0a70bcaa-1736-40e0-9723-4fb88b8b6694&#8243; text_orientation=&#8221;center&#8221; global_colors_info=&#8221;{%22gcid-c515c2e5-3fd0-4426-90da-e434a88a980d%22:%91%22text_text_color%22,%22text_text_color%22%93,%22gcid-0a70bcaa-1736-40e0-9723-4fb88b8b6694%22:%91%22header_4_text_color%22%93}&#8221;]<\/p>\n<h4>Batidor Pasteleria<\/h4>\n<p>[\/et_pb_text][et_pb_text _builder_version=&#8221;4.23.4&#8243; _module_preset=&#8221;1c615242-26bf-46ad-9989-9144fbe1c1d3&#8243; text_orientation=&#8221;center&#8221; global_colors_info=&#8221;{}&#8221;]<\/p>\n<h2>El sitio est\u00e1 en desarrollo<\/h2>\n<p>[\/et_pb_text][et_pb_text _builder_version=&#8221;4.23.4&#8243; _module_preset=&#8221;1c615242-26bf-46ad-9989-9144fbe1c1d3&#8243; text_orientation=&#8221;center&#8221; custom_margin=&#8221;-20px||30px||false|false&#8221; custom_padding=&#8221;0px||||false|false&#8221; global_colors_info=&#8221;{}&#8221;]<\/p>\n<h2>The site is under development<\/h2>\n<p>[\/et_pb_text][et_pb_text _builder_version=&#8221;4.23.4&#8243; _module_preset=&#8221;6c50cb9d-22f4-4ab0-9f3f-de0abf858387&#8243; text_orientation=&#8221;center&#8221; max_width=&#8221;800px&#8221; module_alignment=&#8221;center&#8221; hover_enabled=&#8221;0&#8243; global_colors_info=&#8221;{}&#8221; sticky_enabled=&#8221;0&#8243;]<\/p>\n<p>Visita la p\u00e1gina de Facebook<\/p>\n<p>[\/et_pb_text][et_pb_text _builder_version=&#8221;4.23.4&#8243; _module_preset=&#8221;6c50cb9d-22f4-4ab0-9f3f-de0abf858387&#8243; text_orientation=&#8221;center&#8221; max_width=&#8221;800px&#8221; module_alignment=&#8221;center&#8221; custom_margin=&#8221;-15px||||false|false&#8221; global_colors_info=&#8221;{}&#8221;]<\/p>\n<p>Visit the facebook page<\/p>\n<p>[\/et_pb_text][\/et_pb_column][\/et_pb_row][et_pb_row _builder_version=&#8221;4.25.0&#8243; _module_preset=&#8221;default&#8221; max_width=&#8221;none&#8221; global_colors_info=&#8221;{}&#8221;][et_pb_column type=&#8221;4_4&#8243; _builder_version=&#8221;4.24.2&#8243; _module_preset=&#8221;default&#8221; global_colors_info=&#8221;{}&#8221;][et_pb_button button_url=&#8221;https:\/\/www.facebook.com\/batidor.pasteleria&#8221; button_text=&#8221;Facebook&#8221; button_alignment=&#8221;center&#8221; _builder_version=&#8221;4.23.4&#8243; _module_preset=&#8221;a5fdd2a4-b901-40d2-a2dd-4fe36a1ae7d6&#8243; button_bg_color=&#8221;#E02B20&#8243; hover_enabled=&#8221;0&#8243; global_colors_info=&#8221;{}&#8221; sticky_enabled=&#8221;0&#8243;][\/et_pb_button][et_pb_text _builder_version=&#8221;4.23.4&#8243; _module_preset=&#8221;a41abf0a-1387-44ad-89c8-8170c7bb2c38&#8243; header_4_text_color=&#8221;gcid-0a70bcaa-1736-40e0-9723-4fb88b8b6694&#8243; text_orientation=&#8221;center&#8221; hover_enabled=&#8221;0&#8243; global_colors_info=&#8221;{%22gcid-c515c2e5-3fd0-4426-90da-e434a88a980d%22:%91%22text_text_color%22,%22text_text_color%22%93,%22gcid-0a70bcaa-1736-40e0-9723-4fb88b8b6694%22:%91%22header_4_text_color%22%93}&#8221; sticky_enabled=&#8221;0&#8243;]<\/p>\n<h4>Fisterra, R\u00faa Federico \u00c1vila, 10\u00a0\u00a0<\/h4>\n<p>[\/et_pb_text][et_pb_text _builder_version=&#8221;4.23.4&#8243; _module_preset=&#8221;6c50cb9d-22f4-4ab0-9f3f-de0abf858387&#8243; text_orientation=&#8221;center&#8221; max_width=&#8221;800px&#8221; module_alignment=&#8221;center&#8221; hover_enabled=&#8221;0&#8243; global_colors_info=&#8221;{}&#8221; sticky_enabled=&#8221;0&#8243; custom_margin=&#8221;-10px||||false|false&#8221; text_font_size=&#8221;18px&#8221;]<\/p>\n<p>+34623516692 (WhatsApp)<\/p>\n<p>[\/et_pb_text][\/et_pb_column][\/et_pb_row][\/et_pb_section]<\/p>\n","protected":false},"excerpt":{"rendered":"<p>Batidor PasteleriaEl sitio est\u00e1 en desarrolloThe site is under developmentVisita la p\u00e1gina de FacebookVisit the facebook pageFisterra, R\u00faa Federico \u00c1vila, 10\u00a0\u00a0+34623516692 (WhatsApp)<\/p>\n","protected":false},"author":1,"featured_media":0,"parent":0,"menu_order":0,"comment_status":"closed","ping_status":"closed","template":"","meta":{"_seopress_robots_primary_cat":"","_seopress_titles_title":"","_seopress_titles_desc":"","_seopress_robots_index":"","_et_pb_use_builder":"on","_et_pb_old_content":"","_et_gb_content_width":"","footnotes":""},"class_list":["post-30","page","type-page","status-publish","hentry"],"_links":{"self":[{"href":"https:\/\/batidorfisterra.es\/index.php\/wp-json\/wp\/v2\/pages\/30","targetHints":{"allow":["GET"]}}],"collection":[{"href":"https:\/\/batidorfisterra.es\/index.php\/wp-json\/wp\/v2\/pages"}],"about":[{"href":"https:\/\/batidorfisterra.es\/index.php\/wp-json\/wp\/v2\/types\/page"}],"author":[{"embeddable":true,"href":"https:\/\/batidorfisterra.es\/index.php\/wp-json\/wp\/v2\/users\/1"}],"replies":[{"embeddable":true,"href":"https:\/\/batidorfisterra.es\/index.php\/wp-json\/wp\/v2\/comments?post=30"}],"version-history":[{"count":9,"href":"https:\/\/batidorfisterra.es\/index.php\/wp-json\/wp\/v2\/pages\/30\/revisions"}],"predecessor-version":[{"id":62,"href":"https:\/\/batidorfisterra.es\/index.php\/wp-json\/wp\/v2\/pages\/30\/revisions\/62"}],"wp:attachment":[{"href":"https:\/\/batidorfisterra.es\/index.php\/wp-json\/wp\/v2\/media?parent=30"}],"curies":[{"name":"wp","href":"https:\/\/api.w.org\/{rel}","templated":true}]}}